{"id":854,"date":"2021-05-12T15:48:32","date_gmt":"2021-05-12T14:48:32","guid":{"rendered":"https:\/\/www.mna100.ie\/?page_id=854"},"modified":"2021-05-12T16:32:36","modified_gmt":"2021-05-12T15:32:36","slug":"100-year-journey","status":"publish","type":"page","link":"https:\/\/www.mna100.ie\/ga\/100-year-journey\/","title":{"rendered":"100 Year Journey"},"content":{"rendered":"\r\n<!--#section-hero\" -->\r\n<section class=\"section-hero section-first\">\r\n\t<div class=\"container d-flex flex-column justify-content-center\">\r\n\t\t<div class=\"row\">\r\n\t\t\t<div class=\"col-12 col-md-6\">\r\n\t\t\t\t<h1 class=\"mb-5 color-mnagold text-left\">100 Year Journey <br\/><span class=\"color-black\"><i>Turas 100 Bliain<\/i><\/span><\/h1>\r\n\t\t\t<\/div>\r\n\t\t\t<div class=\"col-12 col-md-6 mb-4\">\r\n\t\t\t\t<p class=\"bigger font-blackerProDisplay-regular text-left\">\r\n\t\t\t\t\tCuireadh an tAistear 100 Bliain seo i dtoll a ch\u00e9ile chun b\u00e9im a leagan ar chomh casta agus chomh h\u00e9ags\u00fail agus a bh\u00ed taith\u00ed na mban le 100 bliain anuas.  \r\n\t\t\t\t<\/p>\r\n\t\t\t\t<p class=\"color-mnagold font-foundersgrotesk-regular text-left\">\r\n\t\t\t\t\tN\u00ed liosta cr\u00edochnaitheach \u00e9 an liosta sin ach t\u00e1 s\u00e9 i gceist gur c\u00e1ip\u00e9is bheo a bheadh inti agus molaimid do dhaoine p\u00e1irt a ghlacadh sa tionscadal agus molta\u00ed a dh\u00e9anamh lena gcur san \u00e1ireamh.\r\n\t\t\t\t<\/p>\r\n\t\t\t<\/div>\r\n\t\t<\/div>\r\n\t<\/div>\r\n<\/section>","protected":false},"excerpt":{"rendered":"","protected":false},"author":1,"featured_media":0,"parent":0,"menu_order":0,"comment_status":"closed","ping_status":"closed","template":"","meta":{"_acf_changed":false,"footnotes":""},"class_list":["post-854","page","type-page","status-publish","hentry"],"acf":[],"yoast_head":"<!-- This site is optimized with the Yoast SEO plugin v27.2 - https:\/\/yoast.com\/product\/yoast-seo-wordpress\/ -->\n<title>100 Year Journey - Mn\u00e1 100<\/title>\n<meta name=\"robots\" content=\"index, follow, max-snippet:-1, max-image-preview:large, max-video-preview:-1\" \/>\n<link rel=\"canonical\" href=\"https:\/\/www.mna100.ie\/ga\/100-year-journey\/\" \/>\n<meta property=\"og:locale\" content=\"ga_IE\" \/>\n<meta property=\"og:type\" content=\"article\" \/>\n<meta property=\"og:title\" content=\"100 Year Journey - Mn\u00e1 100\" \/>\n<meta property=\"og:url\" content=\"https:\/\/www.mna100.ie\/ga\/100-year-journey\/\" \/>\n<meta property=\"og:site_name\" content=\"Mn\u00e1 100\" \/>\n<meta property=\"article:publisher\" content=\"https:\/\/www.facebook.com\/DepartmentofCultureIRL\/\" \/>\n<meta property=\"article:modified_time\" content=\"2021-05-12T15:32:36+00:00\" \/>\n<meta name=\"twitter:card\" content=\"summary_large_image\" \/>\n<meta name=\"twitter:site\" content=\"@DeptCulturelRL\" \/>\n<script type=\"application\/ld+json\" class=\"yoast-schema-graph\">{\"@context\":\"https:\/\/schema.org\",\"@graph\":[{\"@type\":\"WebPage\",\"@id\":\"https:\/\/www.mna100.ie\/ga\/100-year-journey\/\",\"url\":\"https:\/\/www.mna100.ie\/ga\/100-year-journey\/\",\"name\":\"100 Year Journey - Mn\u00e1 100\",\"isPartOf\":{\"@id\":\"https:\/\/www.mna100.ie\/#website\"},\"datePublished\":\"2021-05-12T14:48:32+00:00\",\"dateModified\":\"2021-05-12T15:32:36+00:00\",\"inLanguage\":\"ga-IE\",\"potentialAction\":[{\"@type\":\"ReadAction\",\"target\":[\"https:\/\/www.mna100.ie\/ga\/100-year-journey\/\"]}]},{\"@type\":\"WebSite\",\"@id\":\"https:\/\/www.mna100.ie\/#website\",\"url\":\"https:\/\/www.mna100.ie\/\",\"name\":\"Mn\u00e1 100\",\"description\":\"Highlighting the role of women during this Decade of Centenaries.\",\"potentialAction\":[{\"@type\":\"SearchAction\",\"target\":{\"@type\":\"EntryPoint\",\"urlTemplate\":\"https:\/\/www.mna100.ie\/?s={search_term_string}\"},\"query-input\":{\"@type\":\"PropertyValueSpecification\",\"valueRequired\":true,\"valueName\":\"search_term_string\"}}],\"inLanguage\":\"ga-IE\"}]}<\/script>\n<!-- \/ Yoast SEO plugin. -->","yoast_head_json":{"title":"100 Year Journey - Mn\u00e1 100","robots":{"index":"index","follow":"follow","max-snippet":"max-snippet:-1","max-image-preview":"max-image-preview:large","max-video-preview":"max-video-preview:-1"},"canonical":"https:\/\/www.mna100.ie\/ga\/100-year-journey\/","og_locale":"ga_IE","og_type":"article","og_title":"100 Year Journey - Mn\u00e1 100","og_url":"https:\/\/www.mna100.ie\/ga\/100-year-journey\/","og_site_name":"Mn\u00e1 100","article_publisher":"https:\/\/www.facebook.com\/DepartmentofCultureIRL\/","article_modified_time":"2021-05-12T15:32:36+00:00","twitter_card":"summary_large_image","twitter_site":"@DeptCulturelRL","schema":{"@context":"https:\/\/schema.org","@graph":[{"@type":"WebPage","@id":"https:\/\/www.mna100.ie\/ga\/100-year-journey\/","url":"https:\/\/www.mna100.ie\/ga\/100-year-journey\/","name":"100 Year Journey - Mn\u00e1 100","isPartOf":{"@id":"https:\/\/www.mna100.ie\/#website"},"datePublished":"2021-05-12T14:48:32+00:00","dateModified":"2021-05-12T15:32:36+00:00","inLanguage":"ga-IE","potentialAction":[{"@type":"ReadAction","target":["https:\/\/www.mna100.ie\/ga\/100-year-journey\/"]}]},{"@type":"WebSite","@id":"https:\/\/www.mna100.ie\/#website","url":"https:\/\/www.mna100.ie\/","name":"Mn\u00e1 100","description":"Highlighting the role of women during this Decade of Centenaries.","potentialAction":[{"@type":"SearchAction","target":{"@type":"EntryPoint","urlTemplate":"https:\/\/www.mna100.ie\/?s={search_term_string}"},"query-input":{"@type":"PropertyValueSpecification","valueRequired":true,"valueName":"search_term_string"}}],"inLanguage":"ga-IE"}]}},"_links":{"self":[{"href":"https:\/\/www.mna100.ie\/ga\/wp-json\/wp\/v2\/pages\/854","targetHints":{"allow":["GET"]}}],"collection":[{"href":"https:\/\/www.mna100.ie\/ga\/wp-json\/wp\/v2\/pages"}],"about":[{"href":"https:\/\/www.mna100.ie\/ga\/wp-json\/wp\/v2\/types\/page"}],"author":[{"embeddable":true,"href":"https:\/\/www.mna100.ie\/ga\/wp-json\/wp\/v2\/users\/1"}],"replies":[{"embeddable":true,"href":"https:\/\/www.mna100.ie\/ga\/wp-json\/wp\/v2\/comments?post=854"}],"version-history":[{"count":4,"href":"https:\/\/www.mna100.ie\/ga\/wp-json\/wp\/v2\/pages\/854\/revisions"}],"predecessor-version":[{"id":938,"href":"https:\/\/www.mna100.ie\/ga\/wp-json\/wp\/v2\/pages\/854\/revisions\/938"}],"wp:attachment":[{"href":"https:\/\/www.mna100.ie\/ga\/wp-json\/wp\/v2\/media?parent=854"}],"curies":[{"name":"wp","href":"https:\/\/api.w.org\/{rel}","templated":true}]}}